{"id":12563,"date":"2023-03-25T02:18:55","date_gmt":"2023-03-25T02:18:55","guid":{"rendered":"https:\/\/drgustavorachid.com.br\/?page_id=12563"},"modified":"2023-03-26T01:54:04","modified_gmt":"2023-03-26T01:54:04","slug":"robotica","status":"publish","type":"page","link":"https:\/\/drgustavorachid.com.br\/pt\/robotica\/","title":{"rendered":"Rob\u00f3tica"},"content":{"rendered":"<div data-elementor-type=\"wp-page\" data-elementor-id=\"12563\" class=\"elementor elementor-12563\">\n\t\t\t\t\t\t<section class=\"elementor-section elementor-top-section elementor-element elementor-element-45a632bf elementor-section-stretched elementor-section-content-middle elementor-section-boxed elementor-section-height-default elementor-section-height-default\" data-id=\"45a632bf\" data-element_type=\"section\" data-e-type=\"section\" data-settings=\"{&quot;stretch_section&quot;:&quot;section-stretched&quot;,&quot;background_background&quot;:&quot;classic&quot;}\">\n\t\t\t\t\t\t\t<div class=\"elementor-background-overlay\"><\/div>\n\t\t\t\t\t\t\t<div class=\"elementor-container elementor-column-gap-default\">\n\t\t\t\t\t<div class=\"elementor-column elementor-col-100 elementor-top-column elementor-element elementor-element-7ed7bcea\" data-id=\"7ed7bcea\" data-element_type=\"column\" data-e-type=\"column\">\n\t\t\t<div class=\"elementor-widget-wrap elementor-element-populated\">\n\t\t\t\t\t\t<div class=\"elementor-element elementor-element-3af9efd8 elementor-widget elementor-widget-heading\" data-id=\"3af9efd8\" data-element_type=\"widget\" data-e-type=\"widget\" data-widget_type=\"heading.default\">\n\t\t\t\t<div class=\"elementor-widget-container\">\n\t\t\t\t\t<h1 class=\"elementor-heading-title elementor-size-default\">Rob\u00f3tica<\/h1>\t\t\t\t<\/div>\n\t\t\t\t<\/div>\n\t\t\t\t\t<\/div>\n\t\t<\/div>\n\t\t\t\t\t<\/div>\n\t\t<\/section>\n\t\t\t\t<section class=\"elementor-section elementor-top-section elementor-element elementor-element-3970322c elementor-section-content-middle elementor-section-stretched elementor-section-boxed elementor-section-height-default elementor-section-height-default\" data-id=\"3970322c\" data-element_type=\"section\" data-e-type=\"section\" data-settings=\"{&quot;stretch_section&quot;:&quot;section-stretched&quot;,&quot;background_background&quot;:&quot;classic&quot;}\">\n\t\t\t\t\t\t\t<div class=\"elementor-background-overlay\"><\/div>\n\t\t\t\t\t\t\t<div class=\"elementor-container elementor-column-gap-default\">\n\t\t\t\t\t<div class=\"elementor-column elementor-col-100 elementor-top-column elementor-element elementor-element-6d748c45\" data-id=\"6d748c45\" data-element_type=\"column\" data-e-type=\"column\">\n\t\t\t<div class=\"elementor-widget-wrap elementor-element-populated\">\n\t\t\t\t\t\t<div class=\"elementor-element elementor-element-82a7d8f elementor-mobile-align-center elementor-widget elementor-widget-button\" data-id=\"82a7d8f\" data-element_type=\"widget\" data-e-type=\"widget\" data-widget_type=\"button.default\">\n\t\t\t\t<div class=\"elementor-widget-container\">\n\t\t\t\t\t\t\t\t\t<div class=\"elementor-button-wrapper\">\n\t\t\t\t\t<a class=\"elementor-button elementor-button-link elementor-size-sm\" href=\"#\">\n\t\t\t\t\t\t<span class=\"elementor-button-content-wrapper\">\n\t\t\t\t\t\t\t\t\t<span class=\"elementor-button-text\">CIRURGIA<\/span>\n\t\t\t\t\t<\/span>\n\t\t\t\t\t<\/a>\n\t\t\t\t<\/div>\n\t\t\t\t\t\t\t\t<\/div>\n\t\t\t\t<\/div>\n\t\t\t\t<div class=\"elementor-element elementor-element-46f4cb18 elementor-widget elementor-widget-heading\" data-id=\"46f4cb18\" data-element_type=\"widget\" data-e-type=\"widget\" data-widget_type=\"heading.default\">\n\t\t\t\t<div class=\"elementor-widget-container\">\n\t\t\t\t\t<h2 class=\"elementor-heading-title elementor-size-default\">Rob\u00f3tica<\/h2>\t\t\t\t<\/div>\n\t\t\t\t<\/div>\n\t\t\t\t<div class=\"elementor-element elementor-element-37b3a8d elementor-widget elementor-widget-text-editor\" data-id=\"37b3a8d\" data-element_type=\"widget\" data-e-type=\"widget\" data-widget_type=\"text-editor.default\">\n\t\t\t\t<div class=\"elementor-widget-container\">\n\t\t\t\t\t\t\t\t\t<p class=\"font_8\">A palavra \u201crob\u00f4\u201d vem de um termo tcheco chamado \u201cRobota\u201d, que significa trabalho, da\u00ed a associa\u00e7\u00e3o de uma m\u00e1quina fazer o trabalho foi autom\u00e1tica. \u00a0<\/p><p class=\"font_8\">A ideia de se ter um bra\u00e7o mec\u00e2nico controlado \u00e0 dist\u00e2ncia por um cirurgi\u00e3o vem desde as guerras mundiais. Na cirurgia do trauma existe uma necessidade de se ter um tratamento adequado na primeira hora ap\u00f3s o trauma, o que muitas vezes n\u00e3o \u00e9 poss\u00edvel no campo de batalha. Ent\u00e3o a ideia de trazer o traumatizado rapidamente a um hospital de apoio com um cirurgi\u00e3o super capacitado \u00e0 dist\u00e2ncia era um sonho a ser perseguido.<\/p><p class=\"font_8\">Com tecnologia da corrida espacial no final da d\u00e9cada de 50 foi poss\u00edvel a transmiss\u00e3o de dados de boa qualidade e com isso o desenvolvimento de bra\u00e7os mec\u00e2nicos sendo comandados por distanciamento.<\/p><p class=\"font_8\">\u00a0<\/p><p class=\"font_8\">O primeiro rob\u00f4 utilizado em humanos foi no ano de 1985, chamado PUMA que fazia bi\u00f3psias guiadas em neurocirurgia.\u00a0<\/p><p class=\"font_8\">Em 1994, nos EUA, foi desenvolvido um sistema rob\u00f3tico de endoscopia chamado AESOP que teve tr\u00eas gera\u00e7\u00f5es evoluindo, com o tempo, a qualidade de imagem e o movimento.<\/p><p class=\"font_8\">\u00a0<\/p><p class=\"font_8\">Em 1998 uma empresa chamada Computer Motion associou o AESOP da endoscopia a dois bra\u00e7os mec\u00e2nicos e desenvolveu um rob\u00f4 cir\u00fargico chamado ZEUS.<\/p><p class=\"font_8\">\u00a0<\/p><p class=\"font_8\">No ano de 2001 ocorreu a primeira cirurgia rob\u00f3tica intercontinental, batizada de opera\u00e7\u00e3o de Lindbergh ( em homenagem ao primeiro aviador a cruzar o atl\u00e2ntico dos EUA para Europa). Nesta cirurgia o Prof. Jaques Marescaux, em Nova York,\u00a0 realizou uma retirada de ves\u00edcula numa paciente em Estrasburgo na Fran\u00e7a. Isso s\u00f3 foi poss\u00edvel com o ZEUS e um sistema de teletransmiss\u00e3o de dados por fibra \u00f3ptica chamado S\u00f3crates.<\/p><p class=\"font_8\">Nessa mesma \u00e9poca uma empresa chamada Intuitive criava o rob\u00f4 chamado Da Vinci. Uma verdadeira revolu\u00e7\u00e3o tecnol\u00f3gica. Era composto por um exoesqueleto com quatro bra\u00e7os mec\u00e2nicos, um console de comando com o cirurgi\u00e3o sentado \u00e0 dist\u00e2ncia e uma torre de comando. Esse sistema passou por v\u00e1rias atualiza\u00e7\u00f5es de modelos com melhoria de imagem, movimento, precis\u00e3o e incorpora\u00e7\u00f5es de tecnologia de energia e grampeamento de tecidos.\u00a0<\/p><p class=\"font_8\">\u00a0<\/p><p class=\"font_8\">Esse foi o primeiro modelo chamado Da Vinci S. Com esse modelo chamado Si veio a tela 3D full HD interativa ao toque.<\/p><p class=\"font_8\">E esse \u00e9 o que temos de mais moderno. O Da Vinci Xi. Dotado de bra\u00e7os mais ergon\u00f4micos com melhor triangula\u00e7\u00e3o que permite acessar toda a cavidade abdominal. Incorpora todas as tecnologias dispon\u00edveis de energia sendo extremamente preciso com\u00a0 imagens em 3D de excelente qualidade.<\/p>\t\t\t\t\t\t\t\t<\/div>\n\t\t\t\t<\/div>\n\t\t\t\t<section class=\"elementor-section elementor-inner-section elementor-element elementor-element-6d4b9f2 elementor-section-boxed elementor-section-height-default elementor-section-height-default\" data-id=\"6d4b9f2\" data-element_type=\"section\" data-e-type=\"section\">\n\t\t\t\t\t\t<div class=\"elementor-container elementor-column-gap-default\">\n\t\t\t\t\t<div class=\"elementor-column elementor-col-50 elementor-inner-column elementor-element elementor-element-8c65211\" data-id=\"8c65211\" data-element_type=\"column\" data-e-type=\"column\">\n\t\t\t<div class=\"elementor-widget-wrap elementor-element-populated\">\n\t\t\t\t\t\t<div class=\"elementor-element elementor-element-43a789e elementor-widget elementor-widget-image\" data-id=\"43a789e\" data-element_type=\"widget\" data-e-type=\"widget\" data-widget_type=\"image.default\">\n\t\t\t\t<div class=\"elementor-widget-container\">\n\t\t\t\t\t\t\t\t\t\t\t\t\t\t\t<img fetchpriority=\"high\" decoding=\"async\" width=\"400\" height=\"400\" src=\"https:\/\/drgustavorachid.com.br\/wp-content\/uploads\/2023\/03\/3.jpg\" class=\"attachment-large size-large wp-image-13082\" alt=\"\" srcset=\"https:\/\/drgustavorachid.com.br\/wp-content\/uploads\/2023\/03\/3.jpg 400w, https:\/\/drgustavorachid.com.br\/wp-content\/uploads\/2023\/03\/3-300x300.jpg 300w, https:\/\/drgustavorachid.com.br\/wp-content\/uploads\/2023\/03\/3-150x150.jpg 150w\" sizes=\"(max-width: 400px) 100vw, 400px\" \/>\t\t\t\t\t\t\t\t\t\t\t\t\t\t\t<\/div>\n\t\t\t\t<\/div>\n\t\t\t\t\t<\/div>\n\t\t<\/div>\n\t\t\t\t<div class=\"elementor-column elementor-col-50 elementor-inner-column elementor-element elementor-element-f29a932\" data-id=\"f29a932\" data-element_type=\"column\" data-e-type=\"column\">\n\t\t\t<div class=\"elementor-widget-wrap elementor-element-populated\">\n\t\t\t\t\t\t<div class=\"elementor-element elementor-element-37a335c elementor-widget elementor-widget-image\" data-id=\"37a335c\" data-element_type=\"widget\" data-e-type=\"widget\" data-widget_type=\"image.default\">\n\t\t\t\t<div class=\"elementor-widget-container\">\n\t\t\t\t\t\t\t\t\t\t\t\t\t\t\t<img decoding=\"async\" width=\"400\" height=\"400\" src=\"https:\/\/drgustavorachid.com.br\/wp-content\/uploads\/2023\/03\/1-10.jpg\" class=\"attachment-large size-large wp-image-13087\" alt=\"\" srcset=\"https:\/\/drgustavorachid.com.br\/wp-content\/uploads\/2023\/03\/1-10.jpg 400w, https:\/\/drgustavorachid.com.br\/wp-content\/uploads\/2023\/03\/1-10-300x300.jpg 300w, https:\/\/drgustavorachid.com.br\/wp-content\/uploads\/2023\/03\/1-10-150x150.jpg 150w\" sizes=\"(max-width: 400px) 100vw, 400px\" \/>\t\t\t\t\t\t\t\t\t\t\t\t\t\t\t<\/div>\n\t\t\t\t<\/div>\n\t\t\t\t\t<\/div>\n\t\t<\/div>\n\t\t\t\t\t<\/div>\n\t\t<\/section>\n\t\t\t\t<div class=\"elementor-element elementor-element-64b8b41 elementor-widget elementor-widget-text-editor\" data-id=\"64b8b41\" data-element_type=\"widget\" data-e-type=\"widget\" data-widget_type=\"text-editor.default\">\n\t\t\t\t<div class=\"elementor-widget-container\">\n\t\t\t\t\t\t\t\t\t<p class=\"font_8\">A essa altura voc\u00ea deve estar se perguntando: &#8211;<i>Ok, legal, mas qual a vantagem de ser operado por um rob\u00f4?<\/i>\u201d<\/p>\n<p class=\"font_8\">O Sistema Rob\u00f3tico apresenta as seguintes vantagens em rela\u00e7\u00e3o \u00e0 laparoscopia convencional:<\/p>\n<ul class=\"font_8\">\n<li>\n<p class=\"font_8\">Vis\u00e3o em 3D (a laparoscopia \u00e9 em 2D). O que facilita muito a correta dissec\u00e7\u00e3o dos tecidos.<\/p>\n<\/li>\n<li>\n<p class=\"font_8\">Movimentos precisos sem tremores &#8211; o rob\u00f4 filtra todos os pequenos tremores da m\u00e3o humana.<\/p>\n<\/li>\n<li>\n<p class=\"font_8\">Maior liberdade de movimentos &#8211; o rob\u00f4 \u00e9 capaz de fazer movimentos com suas pin\u00e7as que nem a m\u00e3o humana e muito menos as pin\u00e7as da laparoscopia convencional s\u00e3o capazes de realizar. Isso permite melhor acesso a espa\u00e7os restritos como a pelve humana.<\/p>\n<\/li>\n<li>\n<p class=\"font_8\">Ergonomia &#8211; o cirurgi\u00e3o opera sentado com bra\u00e7os apoiados no console, o que evita fadiga em cirurgias de grande porte. O cansa\u00e7o do cirurgi\u00e3o influi diretamente na seguran\u00e7a e na qualidade da cirurgia.<\/p>\n<\/li>\n<li>\n<p class=\"font_8\">Tecnologias associadas &#8211; o rob\u00f4 incorpora tecnologias como a fluoresc\u00eancia que permite enxergar melhor a vasculariza\u00e7\u00e3o dos tecidos que est\u00e3o sendo manipulados.<\/p>\n<\/li>\n<\/ul>\n<p class=\"font_8\">Quem ganha com isso? Sem d\u00favida: TODOS! Principalmente o paciente que tem uma cirurgia tecnicamente mais bem feita e com isso menor trauma cir\u00fargico, consequentemente melhor recupera\u00e7\u00e3o, menos analg\u00e9sicos, menor \u00edndice de complica\u00e7\u00e3o.<\/p><p class=\"font_8\"><br><\/p>\n<p class=\"font_8\">E as desvantagens? Sim, tamb\u00e9m devem ser lembradas. Entre elas a principal, o pre\u00e7o! N\u00e3o est\u00e1 no rol da ANS e, portanto, n\u00e3o \u00e9 de cobertura obrigat\u00f3ria pelas operadoras de sa\u00fade. Mas isso n\u00e3o chega a ser impeditivo, uma vez que o paciente tem que arcar basicamente com a taxa de utiliza\u00e7\u00e3o do Rob\u00f4, estando todo o restante coberto pelo plano. Uma outra quest\u00e3o \u00e9 a disponibilidade, j\u00e1 que ainda n\u00e3o existem rob\u00f4s em todo lugar. Vale lembrar ainda o alto grau de especializa\u00e7\u00e3o t\u00e9cnica que o cirurgi\u00e3o precisa ter para ser certificado a utilizar esse recurso.<\/p><p class=\"font_8\"><br><\/p>\n<p class=\"font_8\">Vou deixar aqui pra voc\u00eas dois pequenos v\u00eddeos demonstrativos para se ter uma ideia da precis\u00e3o e da capacidade desse recurso incr\u00edvel que estou oferecendo aos meus pacientes!<\/p>\t\t\t\t\t\t\t\t<\/div>\n\t\t\t\t<\/div>\n\t\t\t\t<section class=\"elementor-section elementor-inner-section elementor-element elementor-element-1c85bc2 elementor-section-boxed elementor-section-height-default elementor-section-height-default\" data-id=\"1c85bc2\" data-element_type=\"section\" data-e-type=\"section\">\n\t\t\t\t\t\t<div class=\"elementor-container elementor-column-gap-default\">\n\t\t\t\t\t<div class=\"elementor-column elementor-col-50 elementor-inner-column elementor-element elementor-element-8da8d28\" data-id=\"8da8d28\" data-element_type=\"column\" data-e-type=\"column\">\n\t\t\t<div class=\"elementor-widget-wrap elementor-element-populated\">\n\t\t\t\t\t\t<div class=\"elementor-element elementor-element-e4fe076 elementor-widget elementor-widget-video\" data-id=\"e4fe076\" data-element_type=\"widget\" data-e-type=\"widget\" data-settings=\"{&quot;youtube_url&quot;:&quot;https:\\\/\\\/www.youtube.com\\\/watch?v=pja_n8ThDsU&quot;,&quot;video_type&quot;:&quot;youtube&quot;,&quot;controls&quot;:&quot;yes&quot;}\" data-widget_type=\"video.default\">\n\t\t\t\t<div class=\"elementor-widget-container\">\n\t\t\t\t\t\t\t<div class=\"elementor-wrapper elementor-open-inline\">\n\t\t\t<div class=\"elementor-video\"><\/div>\t\t<\/div>\n\t\t\t\t\t\t<\/div>\n\t\t\t\t<\/div>\n\t\t\t\t\t<\/div>\n\t\t<\/div>\n\t\t\t\t<div class=\"elementor-column elementor-col-50 elementor-inner-column elementor-element elementor-element-574caa1\" data-id=\"574caa1\" data-element_type=\"column\" data-e-type=\"column\">\n\t\t\t<div class=\"elementor-widget-wrap elementor-element-populated\">\n\t\t\t\t\t\t<div class=\"elementor-element elementor-element-225c9ab elementor-widget elementor-widget-video\" data-id=\"225c9ab\" data-element_type=\"widget\" data-e-type=\"widget\" data-settings=\"{&quot;youtube_url&quot;:&quot;https:\\\/\\\/www.youtube.com\\\/watch?v=0XdC1HUp-rU&quot;,&quot;video_type&quot;:&quot;youtube&quot;,&quot;controls&quot;:&quot;yes&quot;}\" data-widget_type=\"video.default\">\n\t\t\t\t<div class=\"elementor-widget-container\">\n\t\t\t\t\t\t\t<div class=\"elementor-wrapper elementor-open-inline\">\n\t\t\t<div class=\"elementor-video\"><\/div>\t\t<\/div>\n\t\t\t\t\t\t<\/div>\n\t\t\t\t<\/div>\n\t\t\t\t\t<\/div>\n\t\t<\/div>\n\t\t\t\t\t<\/div>\n\t\t<\/section>\n\t\t\t\t\t<\/div>\n\t\t<\/div>\n\t\t\t\t\t<\/div>\n\t\t<\/section>\n\t\t\t\t<section class=\"elementor-section elementor-top-section elementor-element elementor-element-2639f1b6 elementor-section-stretched elementor-section-boxed elementor-section-height-default elementor-section-height-default\" data-id=\"2639f1b6\" data-element_type=\"section\" data-e-type=\"section\" data-settings=\"{&quot;stretch_section&quot;:&quot;section-stretched&quot;,&quot;background_background&quot;:&quot;gradient&quot;}\">\n\t\t\t\t\t\t\t<div class=\"elementor-background-overlay\"><\/div>\n\t\t\t\t\t\t\t<div class=\"elementor-container elementor-column-gap-default\">\n\t\t\t\t\t<div class=\"elementor-column elementor-col-33 elementor-top-column elementor-element elementor-element-716ab208\" data-id=\"716ab208\" data-element_type=\"column\" data-e-type=\"column\">\n\t\t\t<div class=\"elementor-widget-wrap\">\n\t\t\t\t\t\t\t<\/div>\n\t\t<\/div>\n\t\t\t\t<div class=\"elementor-column elementor-col-33 elementor-top-column elementor-element elementor-element-4c3f479f\" data-id=\"4c3f479f\" data-element_type=\"column\" data-e-type=\"column\">\n\t\t\t<div class=\"elementor-widget-wrap elementor-element-populated\">\n\t\t\t\t\t\t<div class=\"elementor-element elementor-element-36ac8ac elementor-widget elementor-widget-heading\" data-id=\"36ac8ac\" data-element_type=\"widget\" data-e-type=\"widget\" data-widget_type=\"heading.default\">\n\t\t\t\t<div class=\"elementor-widget-container\">\n\t\t\t\t\t<h2 class=\"elementor-heading-title elementor-size-default\">Agende sua consulta<\/h2>\t\t\t\t<\/div>\n\t\t\t\t<\/div>\n\t\t\t\t<div class=\"elementor-element elementor-element-f777cd6 elementor-widget elementor-widget-heading\" data-id=\"f777cd6\" data-element_type=\"widget\" data-e-type=\"widget\" data-widget_type=\"heading.default\">\n\t\t\t\t<div class=\"elementor-widget-container\">\n\t\t\t\t\t<p class=\"elementor-heading-title elementor-size-default\">Entre em contato para verificar nossa disponibilidade e solicitar seu agendamento.<\/p>\t\t\t\t<\/div>\n\t\t\t\t<\/div>\n\t\t\t\t<div class=\"elementor-element elementor-element-2f2f6540 elementor-align-center elementor-widget elementor-widget-button\" data-id=\"2f2f6540\" data-element_type=\"widget\" data-e-type=\"widget\" data-widget_type=\"button.default\">\n\t\t\t\t<div class=\"elementor-widget-container\">\n\t\t\t\t\t\t\t\t\t<div class=\"elementor-button-wrapper\">\n\t\t\t\t\t<a class=\"elementor-button elementor-button-link elementor-size-md elementor-animation-shrink\" href=\"https:\/\/api.whatsapp.com\/send?phone=5512997943311&#038;text=Ol%C3%A1%2C%20gostaria%20de%20verificar%20a%20disponibilidade%20e%20agendar%20uma%20consulta%20com%20o%20Dr.%20Gustavo%20Rachid\">\n\t\t\t\t\t\t<span class=\"elementor-button-content-wrapper\">\n\t\t\t\t\t\t\t\t\t<span class=\"elementor-button-text\">FALE CONOSCO<\/span>\n\t\t\t\t\t<\/span>\n\t\t\t\t\t<\/a>\n\t\t\t\t<\/div>\n\t\t\t\t\t\t\t\t<\/div>\n\t\t\t\t<\/div>\n\t\t\t\t\t<\/div>\n\t\t<\/div>\n\t\t\t\t<div class=\"elementor-column elementor-col-33 elementor-top-column elementor-element elementor-element-407ba914\" data-id=\"407ba914\" data-element_type=\"column\" data-e-type=\"column\">\n\t\t\t<div class=\"elementor-widget-wrap\">\n\t\t\t\t\t\t\t<\/div>\n\t\t<\/div>\n\t\t\t\t\t<\/div>\n\t\t<\/section>\n\t\t\t\t<\/div>","protected":false},"excerpt":{"rendered":"<p>Rob\u00f3tica CIRURGIA Rob\u00f3tica A palavra \u201crob\u00f4\u201d vem de um termo tcheco chamado \u201cRobota\u201d, que significa trabalho, da\u00ed a associa\u00e7\u00e3o de uma m\u00e1quina fazer o trabalho foi autom\u00e1tica. \u00a0 A ideia de se ter um bra\u00e7o mec\u00e2nico controlado \u00e0 dist\u00e2ncia por um cirurgi\u00e3o vem desde as guerras mundiais. Na cirurgia do trauma existe uma necessidade de [&hellip;]<\/p>\n","protected":false},"author":1,"featured_media":0,"parent":0,"menu_order":0,"comment_status":"closed","ping_status":"closed","template":"","meta":{"footnotes":""},"class_list":["post-12563","page","type-page","status-publish","hentry"],"_links":{"self":[{"href":"https:\/\/drgustavorachid.com.br\/pt\/wp-json\/wp\/v2\/pages\/12563","targetHints":{"allow":["GET"]}}],"collection":[{"href":"https:\/\/drgustavorachid.com.br\/pt\/wp-json\/wp\/v2\/pages"}],"about":[{"href":"https:\/\/drgustavorachid.com.br\/pt\/wp-json\/wp\/v2\/types\/page"}],"author":[{"embeddable":true,"href":"https:\/\/drgustavorachid.com.br\/pt\/wp-json\/wp\/v2\/users\/1"}],"replies":[{"embeddable":true,"href":"https:\/\/drgustavorachid.com.br\/pt\/wp-json\/wp\/v2\/comments?post=12563"}],"version-history":[{"count":28,"href":"https:\/\/drgustavorachid.com.br\/pt\/wp-json\/wp\/v2\/pages\/12563\/revisions"}],"predecessor-version":[{"id":13246,"href":"https:\/\/drgustavorachid.com.br\/pt\/wp-json\/wp\/v2\/pages\/12563\/revisions\/13246"}],"wp:attachment":[{"href":"https:\/\/drgustavorachid.com.br\/pt\/wp-json\/wp\/v2\/media?parent=12563"}],"curies":[{"name":"wp","href":"https:\/\/api.w.org\/{rel}","templated":true}]}}