{"id":12611,"date":"2023-03-25T03:08:24","date_gmt":"2023-03-25T03:08:24","guid":{"rendered":"https:\/\/drgustavorachid.com.br\/?page_id=12611"},"modified":"2023-03-25T23:14:47","modified_gmt":"2023-03-25T23:14:47","slug":"refluxo","status":"publish","type":"page","link":"https:\/\/drgustavorachid.com.br\/pt\/cirurgias\/refluxo\/","title":{"rendered":"Refluxo"},"content":{"rendered":"<div data-elementor-type=\"wp-page\" data-elementor-id=\"12611\" class=\"elementor elementor-12611\">\n\t\t\t\t\t\t<section class=\"elementor-section elementor-top-section elementor-element elementor-element-45a632bf elementor-section-stretched elementor-section-content-middle elementor-section-boxed elementor-section-height-default elementor-section-height-default\" data-id=\"45a632bf\" data-element_type=\"section\" data-e-type=\"section\" data-settings=\"{&quot;stretch_section&quot;:&quot;section-stretched&quot;,&quot;background_background&quot;:&quot;classic&quot;}\">\n\t\t\t\t\t\t\t<div class=\"elementor-background-overlay\"><\/div>\n\t\t\t\t\t\t\t<div class=\"elementor-container elementor-column-gap-default\">\n\t\t\t\t\t<div class=\"elementor-column elementor-col-100 elementor-top-column elementor-element elementor-element-7ed7bcea\" data-id=\"7ed7bcea\" data-element_type=\"column\" data-e-type=\"column\">\n\t\t\t<div class=\"elementor-widget-wrap elementor-element-populated\">\n\t\t\t\t\t\t<div class=\"elementor-element elementor-element-3af9efd8 elementor-widget elementor-widget-heading\" data-id=\"3af9efd8\" data-element_type=\"widget\" data-e-type=\"widget\" data-widget_type=\"heading.default\">\n\t\t\t\t<div class=\"elementor-widget-container\">\n\t\t\t\t\t<h1 class=\"elementor-heading-title elementor-size-default\">Refluxo<\/h1>\t\t\t\t<\/div>\n\t\t\t\t<\/div>\n\t\t\t\t\t<\/div>\n\t\t<\/div>\n\t\t\t\t\t<\/div>\n\t\t<\/section>\n\t\t\t\t<section class=\"elementor-section elementor-top-section elementor-element elementor-element-3970322c elementor-section-content-middle elementor-section-stretched elementor-section-boxed elementor-section-height-default elementor-section-height-default\" data-id=\"3970322c\" data-element_type=\"section\" data-e-type=\"section\" data-settings=\"{&quot;stretch_section&quot;:&quot;section-stretched&quot;,&quot;background_background&quot;:&quot;classic&quot;}\">\n\t\t\t\t\t\t\t<div class=\"elementor-background-overlay\"><\/div>\n\t\t\t\t\t\t\t<div class=\"elementor-container elementor-column-gap-default\">\n\t\t\t\t\t<div class=\"elementor-column elementor-col-100 elementor-top-column elementor-element elementor-element-6d748c45\" data-id=\"6d748c45\" data-element_type=\"column\" data-e-type=\"column\">\n\t\t\t<div class=\"elementor-widget-wrap elementor-element-populated\">\n\t\t\t\t\t\t<div class=\"elementor-element elementor-element-82a7d8f elementor-mobile-align-center elementor-widget elementor-widget-button\" data-id=\"82a7d8f\" data-element_type=\"widget\" data-e-type=\"widget\" data-widget_type=\"button.default\">\n\t\t\t\t<div class=\"elementor-widget-container\">\n\t\t\t\t\t\t\t\t\t<div class=\"elementor-button-wrapper\">\n\t\t\t\t\t<a class=\"elementor-button elementor-button-link elementor-size-sm\" href=\"#\">\n\t\t\t\t\t\t<span class=\"elementor-button-content-wrapper\">\n\t\t\t\t\t\t\t\t\t<span class=\"elementor-button-text\">CIRURGIA<\/span>\n\t\t\t\t\t<\/span>\n\t\t\t\t\t<\/a>\n\t\t\t\t<\/div>\n\t\t\t\t\t\t\t\t<\/div>\n\t\t\t\t<\/div>\n\t\t\t\t<div class=\"elementor-element elementor-element-46f4cb18 elementor-widget elementor-widget-heading\" data-id=\"46f4cb18\" data-element_type=\"widget\" data-e-type=\"widget\" data-widget_type=\"heading.default\">\n\t\t\t\t<div class=\"elementor-widget-container\">\n\t\t\t\t\t<h2 class=\"elementor-heading-title elementor-size-default\">Refluxo<\/h2>\t\t\t\t<\/div>\n\t\t\t\t<\/div>\n\t\t\t\t<div class=\"elementor-element elementor-element-37b3a8d elementor-widget elementor-widget-text-editor\" data-id=\"37b3a8d\" data-element_type=\"widget\" data-e-type=\"widget\" data-widget_type=\"text-editor.default\">\n\t\t\t\t<div class=\"elementor-widget-container\">\n\t\t\t\t\t\t\t\t\t<p class=\"font_8\">O Refluxo Gastro esof\u00e1gico \u00e9 uma doen\u00e7a bastante prevalente no Brasil.<\/p><p class=\"font_8\">Est\u00e1 muito relacionada aos h\u00e1bitos alimentares e outros fatores de risco como obesidade, diabetes, sedentarismo.<\/p><p class=\"font_8\">\u00a0<\/p><p class=\"font_8\">Na imensa maioria das vezes corrigindo h\u00e1bitos e melhorando o estilo de vida a doen\u00e7a fica sob controle sem uso de medica\u00e7\u00e3o.<\/p><p class=\"font_8\">Menos de 5% dos pacientes que tem esse diagn\u00f3stico ser\u00e3o candidatos \u00e0 cirurgia.<\/p><p class=\"font_8\">\u00a0<\/p><p class=\"font_8\">Muito importante esse acompanhamento com o cirurgi\u00e3o e a realiza\u00e7\u00e3o de um estudo aprofundado do funcionamento do es\u00f4fago antes de indicar essa cirurgia.\u00a0<\/p><p class=\"font_8\">\u00a0<\/p><p class=\"font_8\">Quando bem indicada \u00e9 uma cirurgia eficaz, tranquila de fazer e com \u00f3timo resultado.<\/p><p class=\"font_8\">\u00a0<\/p><p class=\"font_8\">A laparoscopia \u00e9 sem duvida um benef\u00edcio enorme no procedimento. Fazemos por 5 pequenas incis\u00f5es. Em seguida abordamos a transi\u00e7\u00e3o do es\u00f4fago-est\u00f4mago onde reduzimos a h\u00e9rnia de hiato (quando presente) e confeccionamos uma v\u00e1lvula com a parte superior do est\u00f4mago que fica envolvendo a regi\u00e3o entre o es\u00f4fago e o est\u00f4mago.\u00a0<\/p><p class=\"font_8\">\u00a0<\/p><p class=\"font_8\">A Rob\u00f3tica, com sua vis\u00e3o e facilidade de movimentos \u00e9 sem duvida uma excelente indica\u00e7\u00e3o nesses casos, principalmente nas recidivas e h\u00e9rnias de hiato volumosas.<\/p><p>\u00a0<\/p><p class=\"font_8\">O p\u00f3s operat\u00f3rio \u00e9 normalmente tranquilo com alta podia seguinte a cirurgia e a dieta vai evoluindo na sua consist\u00eancia nos primeiros 15 dias.<\/p>\t\t\t\t\t\t\t\t<\/div>\n\t\t\t\t<\/div>\n\t\t\t\t\t<\/div>\n\t\t<\/div>\n\t\t\t\t\t<\/div>\n\t\t<\/section>\n\t\t\t\t<section class=\"elementor-section elementor-top-section elementor-element elementor-element-c5de1fa elementor-section-boxed elementor-section-height-default elementor-section-height-default\" data-id=\"c5de1fa\" data-element_type=\"section\" data-e-type=\"section\">\n\t\t\t\t\t\t<div class=\"elementor-container elementor-column-gap-default\">\n\t\t\t\t\t<div class=\"elementor-column elementor-col-100 elementor-top-column elementor-element elementor-element-c33b59b\" data-id=\"c33b59b\" data-element_type=\"column\" data-e-type=\"column\">\n\t\t\t<div class=\"elementor-widget-wrap elementor-element-populated\">\n\t\t\t\t\t\t<div class=\"elementor-element elementor-element-4901299 elementor-widget elementor-widget-video\" data-id=\"4901299\" data-element_type=\"widget\" data-e-type=\"widget\" data-settings=\"{&quot;youtube_url&quot;:&quot;https:\\\/\\\/www.youtube.com\\\/watch?v=09xB9_kWt4A&quot;,&quot;video_type&quot;:&quot;youtube&quot;,&quot;controls&quot;:&quot;yes&quot;}\" data-widget_type=\"video.default\">\n\t\t\t\t<div class=\"elementor-widget-container\">\n\t\t\t\t\t\t\t<div class=\"elementor-wrapper elementor-open-inline\">\n\t\t\t<div class=\"elementor-video\"><\/div>\t\t<\/div>\n\t\t\t\t\t\t<\/div>\n\t\t\t\t<\/div>\n\t\t\t\t\t<\/div>\n\t\t<\/div>\n\t\t\t\t\t<\/div>\n\t\t<\/section>\n\t\t\t\t<section class=\"elementor-section elementor-top-section elementor-element elementor-element-2639f1b6 elementor-section-stretched elementor-section-boxed elementor-section-height-default elementor-section-height-default\" data-id=\"2639f1b6\" data-element_type=\"section\" data-e-type=\"section\" data-settings=\"{&quot;stretch_section&quot;:&quot;section-stretched&quot;,&quot;background_background&quot;:&quot;gradient&quot;}\">\n\t\t\t\t\t\t\t<div class=\"elementor-background-overlay\"><\/div>\n\t\t\t\t\t\t\t<div class=\"elementor-container elementor-column-gap-default\">\n\t\t\t\t\t<div class=\"elementor-column elementor-col-33 elementor-top-column elementor-element elementor-element-716ab208\" data-id=\"716ab208\" data-element_type=\"column\" data-e-type=\"column\">\n\t\t\t<div class=\"elementor-widget-wrap\">\n\t\t\t\t\t\t\t<\/div>\n\t\t<\/div>\n\t\t\t\t<div class=\"elementor-column elementor-col-33 elementor-top-column elementor-element elementor-element-4c3f479f\" data-id=\"4c3f479f\" data-element_type=\"column\" data-e-type=\"column\">\n\t\t\t<div class=\"elementor-widget-wrap elementor-element-populated\">\n\t\t\t\t\t\t<div class=\"elementor-element elementor-element-36ac8ac elementor-widget elementor-widget-heading\" data-id=\"36ac8ac\" data-element_type=\"widget\" data-e-type=\"widget\" data-widget_type=\"heading.default\">\n\t\t\t\t<div class=\"elementor-widget-container\">\n\t\t\t\t\t<h2 class=\"elementor-heading-title elementor-size-default\">Agende sua consulta<\/h2>\t\t\t\t<\/div>\n\t\t\t\t<\/div>\n\t\t\t\t<div class=\"elementor-element elementor-element-f777cd6 elementor-widget elementor-widget-heading\" data-id=\"f777cd6\" data-element_type=\"widget\" data-e-type=\"widget\" data-widget_type=\"heading.default\">\n\t\t\t\t<div class=\"elementor-widget-container\">\n\t\t\t\t\t<p class=\"elementor-heading-title elementor-size-default\">Entre em contato para verificar nossa disponibilidade e solicitar seu agendamento.<\/p>\t\t\t\t<\/div>\n\t\t\t\t<\/div>\n\t\t\t\t<div class=\"elementor-element elementor-element-2f2f6540 elementor-align-center elementor-widget elementor-widget-button\" data-id=\"2f2f6540\" data-element_type=\"widget\" data-e-type=\"widget\" data-widget_type=\"button.default\">\n\t\t\t\t<div class=\"elementor-widget-container\">\n\t\t\t\t\t\t\t\t\t<div class=\"elementor-button-wrapper\">\n\t\t\t\t\t<a class=\"elementor-button elementor-button-link elementor-size-md elementor-animation-shrink\" href=\"https:\/\/api.whatsapp.com\/send?phone=5512997943311&#038;text=Ol%C3%A1%2C%20gostaria%20de%20verificar%20a%20disponibilidade%20e%20agendar%20uma%20consulta%20com%20o%20Dr.%20Gustavo%20Rachid\">\n\t\t\t\t\t\t<span class=\"elementor-button-content-wrapper\">\n\t\t\t\t\t\t\t\t\t<span class=\"elementor-button-text\">FALE CONOSCO<\/span>\n\t\t\t\t\t<\/span>\n\t\t\t\t\t<\/a>\n\t\t\t\t<\/div>\n\t\t\t\t\t\t\t\t<\/div>\n\t\t\t\t<\/div>\n\t\t\t\t\t<\/div>\n\t\t<\/div>\n\t\t\t\t<div class=\"elementor-column elementor-col-33 elementor-top-column elementor-element elementor-element-407ba914\" data-id=\"407ba914\" data-element_type=\"column\" data-e-type=\"column\">\n\t\t\t<div class=\"elementor-widget-wrap\">\n\t\t\t\t\t\t\t<\/div>\n\t\t<\/div>\n\t\t\t\t\t<\/div>\n\t\t<\/section>\n\t\t\t\t<\/div>","protected":false},"excerpt":{"rendered":"<p>Refluxo CIRURGIA Refluxo O Refluxo Gastro esof\u00e1gico \u00e9 uma doen\u00e7a bastante prevalente no Brasil. Est\u00e1 muito relacionada aos h\u00e1bitos alimentares e outros fatores de risco como obesidade, diabetes, sedentarismo. \u00a0 Na imensa maioria das vezes corrigindo h\u00e1bitos e melhorando o estilo de vida a doen\u00e7a fica sob controle sem uso de medica\u00e7\u00e3o. Menos de 5% [&hellip;]<\/p>\n","protected":false},"author":1,"featured_media":0,"parent":1728,"menu_order":0,"comment_status":"closed","ping_status":"closed","template":"","meta":{"footnotes":""},"class_list":["post-12611","page","type-page","status-publish","hentry"],"_links":{"self":[{"href":"https:\/\/drgustavorachid.com.br\/pt\/wp-json\/wp\/v2\/pages\/12611","targetHints":{"allow":["GET"]}}],"collection":[{"href":"https:\/\/drgustavorachid.com.br\/pt\/wp-json\/wp\/v2\/pages"}],"about":[{"href":"https:\/\/drgustavorachid.com.br\/pt\/wp-json\/wp\/v2\/types\/page"}],"author":[{"embeddable":true,"href":"https:\/\/drgustavorachid.com.br\/pt\/wp-json\/wp\/v2\/users\/1"}],"replies":[{"embeddable":true,"href":"https:\/\/drgustavorachid.com.br\/pt\/wp-json\/wp\/v2\/comments?post=12611"}],"version-history":[{"count":10,"href":"https:\/\/drgustavorachid.com.br\/pt\/wp-json\/wp\/v2\/pages\/12611\/revisions"}],"predecessor-version":[{"id":13182,"href":"https:\/\/drgustavorachid.com.br\/pt\/wp-json\/wp\/v2\/pages\/12611\/revisions\/13182"}],"up":[{"embeddable":true,"href":"https:\/\/drgustavorachid.com.br\/pt\/wp-json\/wp\/v2\/pages\/1728"}],"wp:attachment":[{"href":"https:\/\/drgustavorachid.com.br\/pt\/wp-json\/wp\/v2\/media?parent=12611"}],"curies":[{"name":"wp","href":"https:\/\/api.w.org\/{rel}","templated":true}]}}