{"id":12616,"date":"2023-03-25T03:11:28","date_gmt":"2023-03-25T03:11:28","guid":{"rendered":"https:\/\/drgustavorachid.com.br\/?page_id=12616"},"modified":"2023-03-25T23:15:02","modified_gmt":"2023-03-25T23:15:02","slug":"pancreas","status":"publish","type":"page","link":"https:\/\/drgustavorachid.com.br\/pt\/cirurgias\/pancreas\/","title":{"rendered":"P\u00e2ncreas"},"content":{"rendered":"<div data-elementor-type=\"wp-page\" data-elementor-id=\"12616\" class=\"elementor elementor-12616\">\n\t\t\t\t\t\t<section class=\"elementor-section elementor-top-section elementor-element elementor-element-45a632bf elementor-section-stretched elementor-section-content-middle elementor-section-boxed elementor-section-height-default elementor-section-height-default\" data-id=\"45a632bf\" data-element_type=\"section\" data-e-type=\"section\" data-settings=\"{&quot;stretch_section&quot;:&quot;section-stretched&quot;,&quot;background_background&quot;:&quot;classic&quot;}\">\n\t\t\t\t\t\t\t<div class=\"elementor-background-overlay\"><\/div>\n\t\t\t\t\t\t\t<div class=\"elementor-container elementor-column-gap-default\">\n\t\t\t\t\t<div class=\"elementor-column elementor-col-100 elementor-top-column elementor-element elementor-element-7ed7bcea\" data-id=\"7ed7bcea\" data-element_type=\"column\" data-e-type=\"column\">\n\t\t\t<div class=\"elementor-widget-wrap elementor-element-populated\">\n\t\t\t\t\t\t<div class=\"elementor-element elementor-element-3af9efd8 elementor-widget elementor-widget-heading\" data-id=\"3af9efd8\" data-element_type=\"widget\" data-e-type=\"widget\" data-widget_type=\"heading.default\">\n\t\t\t\t<div class=\"elementor-widget-container\">\n\t\t\t\t\t<h1 class=\"elementor-heading-title elementor-size-default\">P\u00e2ncreas<\/h1>\t\t\t\t<\/div>\n\t\t\t\t<\/div>\n\t\t\t\t\t<\/div>\n\t\t<\/div>\n\t\t\t\t\t<\/div>\n\t\t<\/section>\n\t\t\t\t<section class=\"elementor-section elementor-top-section elementor-element elementor-element-3970322c elementor-section-content-middle elementor-section-stretched elementor-section-boxed elementor-section-height-default elementor-section-height-default\" data-id=\"3970322c\" data-element_type=\"section\" data-e-type=\"section\" data-settings=\"{&quot;stretch_section&quot;:&quot;section-stretched&quot;,&quot;background_background&quot;:&quot;classic&quot;}\">\n\t\t\t\t\t\t\t<div class=\"elementor-background-overlay\"><\/div>\n\t\t\t\t\t\t\t<div class=\"elementor-container elementor-column-gap-default\">\n\t\t\t\t\t<div class=\"elementor-column elementor-col-100 elementor-top-column elementor-element elementor-element-6d748c45\" data-id=\"6d748c45\" data-element_type=\"column\" data-e-type=\"column\">\n\t\t\t<div class=\"elementor-widget-wrap elementor-element-populated\">\n\t\t\t\t\t\t<div class=\"elementor-element elementor-element-82a7d8f elementor-mobile-align-center elementor-widget elementor-widget-button\" data-id=\"82a7d8f\" data-element_type=\"widget\" data-e-type=\"widget\" data-widget_type=\"button.default\">\n\t\t\t\t<div class=\"elementor-widget-container\">\n\t\t\t\t\t\t\t\t\t<div class=\"elementor-button-wrapper\">\n\t\t\t\t\t<a class=\"elementor-button elementor-button-link elementor-size-sm\" href=\"#\">\n\t\t\t\t\t\t<span class=\"elementor-button-content-wrapper\">\n\t\t\t\t\t\t\t\t\t<span class=\"elementor-button-text\">CIRURGIA<\/span>\n\t\t\t\t\t<\/span>\n\t\t\t\t\t<\/a>\n\t\t\t\t<\/div>\n\t\t\t\t\t\t\t\t<\/div>\n\t\t\t\t<\/div>\n\t\t\t\t<div class=\"elementor-element elementor-element-46f4cb18 elementor-widget elementor-widget-heading\" data-id=\"46f4cb18\" data-element_type=\"widget\" data-e-type=\"widget\" data-widget_type=\"heading.default\">\n\t\t\t\t<div class=\"elementor-widget-container\">\n\t\t\t\t\t<h2 class=\"elementor-heading-title elementor-size-default\">P\u00e2ncreas<\/h2>\t\t\t\t<\/div>\n\t\t\t\t<\/div>\n\t\t\t\t<div class=\"elementor-element elementor-element-37b3a8d elementor-widget elementor-widget-text-editor\" data-id=\"37b3a8d\" data-element_type=\"widget\" data-e-type=\"widget\" data-widget_type=\"text-editor.default\">\n\t\t\t\t<div class=\"elementor-widget-container\">\n\t\t\t\t\t\t\t\t\t<p class=\"font_8\">Essa \u00e9 uma cirurgia complexa. Sempre exige muito do cirurgi\u00e3o e equipe,\u00a0 anestesista, intensivista, fisioterapia. Talvez seja por isso que eu goste tanto dela.<\/p><p class=\"font_8\"><span class=\"wixGuard\">\u200b<\/span><\/p><p class=\"font_8\">Normalmente indicada em casos de tumores do p\u00e2ncreas, precisa ser feita num hospital com recurso de tecnologia e suporte para um bom resultado.<\/p><p class=\"font_8\"><span class=\"wixGuard\">\u200b<\/span><\/p><p class=\"font_8\">Pode ser dividida em basicamente 3 tipos a depender do local do \u00f3rg\u00e3o a ser operado. Sendo assim as pancreatectomias podem-se caudais, centrais ou cef\u00e1licas (duodenopancretatectomia).<\/p><p class=\"font_8\">\u00a0<\/p><p class=\"font_8\">A videolaparoscopia vem sendo cada vez mais utilizada, mas \u00e9 ai que a Rob\u00f3tica faz a diferen\u00e7a. Precis\u00e3o, qualidade de sutura, vis\u00e3o 3D v\u00e3o refletir na qualidade da cirurgia e com isso menores complica\u00e7\u00f5es e melhor recupera\u00e7\u00e3o do paciente.<\/p>\t\t\t\t\t\t\t\t<\/div>\n\t\t\t\t<\/div>\n\t\t\t\t\t<\/div>\n\t\t<\/div>\n\t\t\t\t\t<\/div>\n\t\t<\/section>\n\t\t\t\t<section class=\"elementor-section elementor-top-section elementor-element elementor-element-2639f1b6 elementor-section-stretched elementor-section-boxed elementor-section-height-default elementor-section-height-default\" data-id=\"2639f1b6\" data-element_type=\"section\" data-e-type=\"section\" data-settings=\"{&quot;stretch_section&quot;:&quot;section-stretched&quot;,&quot;background_background&quot;:&quot;gradient&quot;}\">\n\t\t\t\t\t\t\t<div class=\"elementor-background-overlay\"><\/div>\n\t\t\t\t\t\t\t<div class=\"elementor-container elementor-column-gap-default\">\n\t\t\t\t\t<div class=\"elementor-column elementor-col-33 elementor-top-column elementor-element elementor-element-716ab208\" data-id=\"716ab208\" data-element_type=\"column\" data-e-type=\"column\">\n\t\t\t<div class=\"elementor-widget-wrap\">\n\t\t\t\t\t\t\t<\/div>\n\t\t<\/div>\n\t\t\t\t<div class=\"elementor-column elementor-col-33 elementor-top-column elementor-element elementor-element-4c3f479f\" data-id=\"4c3f479f\" data-element_type=\"column\" data-e-type=\"column\">\n\t\t\t<div class=\"elementor-widget-wrap elementor-element-populated\">\n\t\t\t\t\t\t<div class=\"elementor-element elementor-element-36ac8ac elementor-widget elementor-widget-heading\" data-id=\"36ac8ac\" data-element_type=\"widget\" data-e-type=\"widget\" data-widget_type=\"heading.default\">\n\t\t\t\t<div class=\"elementor-widget-container\">\n\t\t\t\t\t<h2 class=\"elementor-heading-title elementor-size-default\">Agende sua consulta<\/h2>\t\t\t\t<\/div>\n\t\t\t\t<\/div>\n\t\t\t\t<div class=\"elementor-element elementor-element-f777cd6 elementor-widget elementor-widget-heading\" data-id=\"f777cd6\" data-element_type=\"widget\" data-e-type=\"widget\" data-widget_type=\"heading.default\">\n\t\t\t\t<div class=\"elementor-widget-container\">\n\t\t\t\t\t<p class=\"elementor-heading-title elementor-size-default\">Entre em contato para verificar nossa disponibilidade e solicitar seu agendamento.<\/p>\t\t\t\t<\/div>\n\t\t\t\t<\/div>\n\t\t\t\t<div class=\"elementor-element elementor-element-2f2f6540 elementor-align-center elementor-widget elementor-widget-button\" data-id=\"2f2f6540\" data-element_type=\"widget\" data-e-type=\"widget\" data-widget_type=\"button.default\">\n\t\t\t\t<div class=\"elementor-widget-container\">\n\t\t\t\t\t\t\t\t\t<div class=\"elementor-button-wrapper\">\n\t\t\t\t\t<a class=\"elementor-button elementor-button-link elementor-size-md elementor-animation-shrink\" href=\"https:\/\/api.whatsapp.com\/send?phone=5512997943311&#038;text=Ol%C3%A1%2C%20gostaria%20de%20verificar%20a%20disponibilidade%20e%20agendar%20uma%20consulta%20com%20o%20Dr.%20Gustavo%20Rachid\">\n\t\t\t\t\t\t<span class=\"elementor-button-content-wrapper\">\n\t\t\t\t\t\t\t\t\t<span class=\"elementor-button-text\">FALE CONOSCO<\/span>\n\t\t\t\t\t<\/span>\n\t\t\t\t\t<\/a>\n\t\t\t\t<\/div>\n\t\t\t\t\t\t\t\t<\/div>\n\t\t\t\t<\/div>\n\t\t\t\t\t<\/div>\n\t\t<\/div>\n\t\t\t\t<div class=\"elementor-column elementor-col-33 elementor-top-column elementor-element elementor-element-407ba914\" data-id=\"407ba914\" data-element_type=\"column\" data-e-type=\"column\">\n\t\t\t<div class=\"elementor-widget-wrap\">\n\t\t\t\t\t\t\t<\/div>\n\t\t<\/div>\n\t\t\t\t\t<\/div>\n\t\t<\/section>\n\t\t\t\t<\/div>","protected":false},"excerpt":{"rendered":"<p>P\u00e2ncreas CIRURGIA P\u00e2ncreas Essa \u00e9 uma cirurgia complexa. Sempre exige muito do cirurgi\u00e3o e equipe,\u00a0 anestesista, intensivista, fisioterapia. Talvez seja por isso que eu goste tanto dela. \u200b Normalmente indicada em casos de tumores do p\u00e2ncreas, precisa ser feita num hospital com recurso de tecnologia e suporte para um bom resultado. \u200b Pode ser dividida [&hellip;]<\/p>\n","protected":false},"author":1,"featured_media":0,"parent":1728,"menu_order":0,"comment_status":"closed","ping_status":"closed","template":"","meta":{"footnotes":""},"class_list":["post-12616","page","type-page","status-publish","hentry"],"_links":{"self":[{"href":"https:\/\/drgustavorachid.com.br\/pt\/wp-json\/wp\/v2\/pages\/12616","targetHints":{"allow":["GET"]}}],"collection":[{"href":"https:\/\/drgustavorachid.com.br\/pt\/wp-json\/wp\/v2\/pages"}],"about":[{"href":"https:\/\/drgustavorachid.com.br\/pt\/wp-json\/wp\/v2\/types\/page"}],"author":[{"embeddable":true,"href":"https:\/\/drgustavorachid.com.br\/pt\/wp-json\/wp\/v2\/users\/1"}],"replies":[{"embeddable":true,"href":"https:\/\/drgustavorachid.com.br\/pt\/wp-json\/wp\/v2\/comments?post=12616"}],"version-history":[{"count":13,"href":"https:\/\/drgustavorachid.com.br\/pt\/wp-json\/wp\/v2\/pages\/12616\/revisions"}],"predecessor-version":[{"id":13185,"href":"https:\/\/drgustavorachid.com.br\/pt\/wp-json\/wp\/v2\/pages\/12616\/revisions\/13185"}],"up":[{"embeddable":true,"href":"https:\/\/drgustavorachid.com.br\/pt\/wp-json\/wp\/v2\/pages\/1728"}],"wp:attachment":[{"href":"https:\/\/drgustavorachid.com.br\/pt\/wp-json\/wp\/v2\/media?parent=12616"}],"curies":[{"name":"wp","href":"https:\/\/api.w.org\/{rel}","templated":true}]}}