{"id":12630,"date":"2023-03-25T03:16:53","date_gmt":"2023-03-25T03:16:53","guid":{"rendered":"https:\/\/drgustavorachid.com.br\/?page_id=12630"},"modified":"2023-03-25T23:15:25","modified_gmt":"2023-03-25T23:15:25","slug":"figado","status":"publish","type":"page","link":"https:\/\/drgustavorachid.com.br\/pt\/cirurgias\/figado\/","title":{"rendered":"F\u00edgado"},"content":{"rendered":"<div data-elementor-type=\"wp-page\" data-elementor-id=\"12630\" class=\"elementor elementor-12630\">\n\t\t\t\t\t\t<section class=\"elementor-section elementor-top-section elementor-element elementor-element-45a632bf elementor-section-stretched elementor-section-content-middle elementor-section-boxed elementor-section-height-default elementor-section-height-default\" data-id=\"45a632bf\" data-element_type=\"section\" data-e-type=\"section\" data-settings=\"{&quot;stretch_section&quot;:&quot;section-stretched&quot;,&quot;background_background&quot;:&quot;classic&quot;}\">\n\t\t\t\t\t\t\t<div class=\"elementor-background-overlay\"><\/div>\n\t\t\t\t\t\t\t<div class=\"elementor-container elementor-column-gap-default\">\n\t\t\t\t\t<div class=\"elementor-column elementor-col-100 elementor-top-column elementor-element elementor-element-7ed7bcea\" data-id=\"7ed7bcea\" data-element_type=\"column\" data-e-type=\"column\">\n\t\t\t<div class=\"elementor-widget-wrap elementor-element-populated\">\n\t\t\t\t\t\t<div class=\"elementor-element elementor-element-3af9efd8 elementor-widget elementor-widget-heading\" data-id=\"3af9efd8\" data-element_type=\"widget\" data-e-type=\"widget\" data-widget_type=\"heading.default\">\n\t\t\t\t<div class=\"elementor-widget-container\">\n\t\t\t\t\t<h1 class=\"elementor-heading-title elementor-size-default\">F\u00edgado<\/h1>\t\t\t\t<\/div>\n\t\t\t\t<\/div>\n\t\t\t\t\t<\/div>\n\t\t<\/div>\n\t\t\t\t\t<\/div>\n\t\t<\/section>\n\t\t\t\t<section class=\"elementor-section elementor-top-section elementor-element elementor-element-3970322c elementor-section-content-middle elementor-section-stretched elementor-section-boxed elementor-section-height-default elementor-section-height-default\" data-id=\"3970322c\" data-element_type=\"section\" data-e-type=\"section\" data-settings=\"{&quot;stretch_section&quot;:&quot;section-stretched&quot;,&quot;background_background&quot;:&quot;classic&quot;}\">\n\t\t\t\t\t\t\t<div class=\"elementor-background-overlay\"><\/div>\n\t\t\t\t\t\t\t<div class=\"elementor-container elementor-column-gap-default\">\n\t\t\t\t\t<div class=\"elementor-column elementor-col-100 elementor-top-column elementor-element elementor-element-6d748c45\" data-id=\"6d748c45\" data-element_type=\"column\" data-e-type=\"column\">\n\t\t\t<div class=\"elementor-widget-wrap elementor-element-populated\">\n\t\t\t\t\t\t<div class=\"elementor-element elementor-element-82a7d8f elementor-mobile-align-center elementor-widget elementor-widget-button\" data-id=\"82a7d8f\" data-element_type=\"widget\" data-e-type=\"widget\" data-widget_type=\"button.default\">\n\t\t\t\t<div class=\"elementor-widget-container\">\n\t\t\t\t\t\t\t\t\t<div class=\"elementor-button-wrapper\">\n\t\t\t\t\t<a class=\"elementor-button elementor-button-link elementor-size-sm\" href=\"#\">\n\t\t\t\t\t\t<span class=\"elementor-button-content-wrapper\">\n\t\t\t\t\t\t\t\t\t<span class=\"elementor-button-text\">CIRURGIA<\/span>\n\t\t\t\t\t<\/span>\n\t\t\t\t\t<\/a>\n\t\t\t\t<\/div>\n\t\t\t\t\t\t\t\t<\/div>\n\t\t\t\t<\/div>\n\t\t\t\t<div class=\"elementor-element elementor-element-46f4cb18 elementor-widget elementor-widget-heading\" data-id=\"46f4cb18\" data-element_type=\"widget\" data-e-type=\"widget\" data-widget_type=\"heading.default\">\n\t\t\t\t<div class=\"elementor-widget-container\">\n\t\t\t\t\t<h2 class=\"elementor-heading-title elementor-size-default\">F\u00edgado<\/h2>\t\t\t\t<\/div>\n\t\t\t\t<\/div>\n\t\t\t\t<div class=\"elementor-element elementor-element-37b3a8d elementor-widget elementor-widget-text-editor\" data-id=\"37b3a8d\" data-element_type=\"widget\" data-e-type=\"widget\" data-widget_type=\"text-editor.default\">\n\t\t\t\t<div class=\"elementor-widget-container\">\n\t\t\t\t\t\t\t\t\t<p class=\"font_8\">Chamada de hepatectomia \u00e9 sempre uma cirurgia de grande porte, necessitando de suporte e material para isso.<\/p><p class=\"font_8\"><span class=\"wixGuard\">\u200b<\/span><\/p><p class=\"font_8\">O f\u00edgado \u00e9 dividido anatomicamente em 9 partes (8 lobos hep\u00e1ticos mais o lobo caudado). Por ele circula grande parte do nosso sangue e est\u00e1 pr\u00f3ximo a veias e art\u00e9rias muito delicadas e importantes.<\/p><p class=\"font_8\"><span class=\"wixGuard\">\u200b<\/span><\/p><p class=\"font_8\">A cirurgia ganhou muito espa\u00e7o nos \u00faltimos anos devido \u00e0s met\u00e1stases hep\u00e1ticas de tumores de c\u00f3lon. Quando pass\u00edveis de serem retiradas a doen\u00e7a fica sob controle.<\/p><p class=\"font_8\"><span class=\"wixGuard\">\u200b<\/span><\/p><p class=\"font_8\">O f\u00edgado \u00e9 um \u00f3rg\u00e3o de muita varia\u00e7\u00e3o anat\u00f4mica, desse modo o preparo do cirurgi\u00e3o com exames e imagem \u00e9 fundamental para o sucesso do procedimento.<\/p><p class=\"font_8\"><span class=\"wixGuard\">\u200b<\/span><\/p><p class=\"font_8\">O acesso laparosc\u00f3pico e mais recentemente a Rob\u00f3tica s\u00e3o avan\u00e7os que trouxeram mais qualidade t\u00e9cnica e menor trauma cir\u00fargico ao paciente.<\/p>\t\t\t\t\t\t\t\t<\/div>\n\t\t\t\t<\/div>\n\t\t\t\t\t<\/div>\n\t\t<\/div>\n\t\t\t\t\t<\/div>\n\t\t<\/section>\n\t\t\t\t<section class=\"elementor-section elementor-top-section elementor-element elementor-element-2639f1b6 elementor-section-stretched elementor-section-boxed elementor-section-height-default elementor-section-height-default\" data-id=\"2639f1b6\" data-element_type=\"section\" data-e-type=\"section\" data-settings=\"{&quot;stretch_section&quot;:&quot;section-stretched&quot;,&quot;background_background&quot;:&quot;gradient&quot;}\">\n\t\t\t\t\t\t\t<div class=\"elementor-background-overlay\"><\/div>\n\t\t\t\t\t\t\t<div class=\"elementor-container elementor-column-gap-default\">\n\t\t\t\t\t<div class=\"elementor-column elementor-col-33 elementor-top-column elementor-element elementor-element-716ab208\" data-id=\"716ab208\" data-element_type=\"column\" data-e-type=\"column\">\n\t\t\t<div class=\"elementor-widget-wrap\">\n\t\t\t\t\t\t\t<\/div>\n\t\t<\/div>\n\t\t\t\t<div class=\"elementor-column elementor-col-33 elementor-top-column elementor-element elementor-element-4c3f479f\" data-id=\"4c3f479f\" data-element_type=\"column\" data-e-type=\"column\">\n\t\t\t<div class=\"elementor-widget-wrap elementor-element-populated\">\n\t\t\t\t\t\t<div class=\"elementor-element elementor-element-36ac8ac elementor-widget elementor-widget-heading\" data-id=\"36ac8ac\" data-element_type=\"widget\" data-e-type=\"widget\" data-widget_type=\"heading.default\">\n\t\t\t\t<div class=\"elementor-widget-container\">\n\t\t\t\t\t<h2 class=\"elementor-heading-title elementor-size-default\">Agende sua consulta<\/h2>\t\t\t\t<\/div>\n\t\t\t\t<\/div>\n\t\t\t\t<div class=\"elementor-element elementor-element-f777cd6 elementor-widget elementor-widget-heading\" data-id=\"f777cd6\" data-element_type=\"widget\" data-e-type=\"widget\" data-widget_type=\"heading.default\">\n\t\t\t\t<div class=\"elementor-widget-container\">\n\t\t\t\t\t<p class=\"elementor-heading-title elementor-size-default\">Entre em contato para verificar nossa disponibilidade e solicitar seu agendamento.<\/p>\t\t\t\t<\/div>\n\t\t\t\t<\/div>\n\t\t\t\t<div class=\"elementor-element elementor-element-2f2f6540 elementor-align-center elementor-widget elementor-widget-button\" data-id=\"2f2f6540\" data-element_type=\"widget\" data-e-type=\"widget\" data-widget_type=\"button.default\">\n\t\t\t\t<div class=\"elementor-widget-container\">\n\t\t\t\t\t\t\t\t\t<div class=\"elementor-button-wrapper\">\n\t\t\t\t\t<a class=\"elementor-button elementor-button-link elementor-size-md elementor-animation-shrink\" href=\"https:\/\/api.whatsapp.com\/send?phone=5512997943311&#038;text=Ol%C3%A1%2C%20gostaria%20de%20verificar%20a%20disponibilidade%20e%20agendar%20uma%20consulta%20com%20o%20Dr.%20Gustavo%20Rachid\">\n\t\t\t\t\t\t<span class=\"elementor-button-content-wrapper\">\n\t\t\t\t\t\t\t\t\t<span class=\"elementor-button-text\">FALE CONOSCO<\/span>\n\t\t\t\t\t<\/span>\n\t\t\t\t\t<\/a>\n\t\t\t\t<\/div>\n\t\t\t\t\t\t\t\t<\/div>\n\t\t\t\t<\/div>\n\t\t\t\t\t<\/div>\n\t\t<\/div>\n\t\t\t\t<div class=\"elementor-column elementor-col-33 elementor-top-column elementor-element elementor-element-407ba914\" data-id=\"407ba914\" data-element_type=\"column\" data-e-type=\"column\">\n\t\t\t<div class=\"elementor-widget-wrap\">\n\t\t\t\t\t\t\t<\/div>\n\t\t<\/div>\n\t\t\t\t\t<\/div>\n\t\t<\/section>\n\t\t\t\t<\/div>","protected":false},"excerpt":{"rendered":"<p>F\u00edgado CIRURGIA F\u00edgado Chamada de hepatectomia \u00e9 sempre uma cirurgia de grande porte, necessitando de suporte e material para isso. \u200b O f\u00edgado \u00e9 dividido anatomicamente em 9 partes (8 lobos hep\u00e1ticos mais o lobo caudado). Por ele circula grande parte do nosso sangue e est\u00e1 pr\u00f3ximo a veias e art\u00e9rias muito delicadas e importantes. [&hellip;]<\/p>\n","protected":false},"author":1,"featured_media":0,"parent":1728,"menu_order":0,"comment_status":"closed","ping_status":"closed","template":"","meta":{"footnotes":""},"class_list":["post-12630","page","type-page","status-publish","hentry"],"_links":{"self":[{"href":"https:\/\/drgustavorachid.com.br\/pt\/wp-json\/wp\/v2\/pages\/12630","targetHints":{"allow":["GET"]}}],"collection":[{"href":"https:\/\/drgustavorachid.com.br\/pt\/wp-json\/wp\/v2\/pages"}],"about":[{"href":"https:\/\/drgustavorachid.com.br\/pt\/wp-json\/wp\/v2\/types\/page"}],"author":[{"embeddable":true,"href":"https:\/\/drgustavorachid.com.br\/pt\/wp-json\/wp\/v2\/users\/1"}],"replies":[{"embeddable":true,"href":"https:\/\/drgustavorachid.com.br\/pt\/wp-json\/wp\/v2\/comments?post=12630"}],"version-history":[{"count":10,"href":"https:\/\/drgustavorachid.com.br\/pt\/wp-json\/wp\/v2\/pages\/12630\/revisions"}],"predecessor-version":[{"id":13191,"href":"https:\/\/drgustavorachid.com.br\/pt\/wp-json\/wp\/v2\/pages\/12630\/revisions\/13191"}],"up":[{"embeddable":true,"href":"https:\/\/drgustavorachid.com.br\/pt\/wp-json\/wp\/v2\/pages\/1728"}],"wp:attachment":[{"href":"https:\/\/drgustavorachid.com.br\/pt\/wp-json\/wp\/v2\/media?parent=12630"}],"curies":[{"name":"wp","href":"https:\/\/api.w.org\/{rel}","templated":true}]}}