{"id":12645,"date":"2023-03-25T03:22:03","date_gmt":"2023-03-25T03:22:03","guid":{"rendered":"https:\/\/drgustavorachid.com.br\/?page_id=12645"},"modified":"2023-03-25T23:16:03","modified_gmt":"2023-03-25T23:16:03","slug":"estomago","status":"publish","type":"page","link":"https:\/\/drgustavorachid.com.br\/pt\/cirurgias\/estomago\/","title":{"rendered":"Est\u00f4mago"},"content":{"rendered":"<div data-elementor-type=\"wp-page\" data-elementor-id=\"12645\" class=\"elementor elementor-12645\">\n\t\t\t\t\t\t<section class=\"elementor-section elementor-top-section elementor-element elementor-element-45a632bf elementor-section-stretched elementor-section-content-middle elementor-section-boxed elementor-section-height-default elementor-section-height-default\" data-id=\"45a632bf\" data-element_type=\"section\" data-e-type=\"section\" data-settings=\"{&quot;stretch_section&quot;:&quot;section-stretched&quot;,&quot;background_background&quot;:&quot;classic&quot;}\">\n\t\t\t\t\t\t\t<div class=\"elementor-background-overlay\"><\/div>\n\t\t\t\t\t\t\t<div class=\"elementor-container elementor-column-gap-default\">\n\t\t\t\t\t<div class=\"elementor-column elementor-col-100 elementor-top-column elementor-element elementor-element-7ed7bcea\" data-id=\"7ed7bcea\" data-element_type=\"column\" data-e-type=\"column\">\n\t\t\t<div class=\"elementor-widget-wrap elementor-element-populated\">\n\t\t\t\t\t\t<div class=\"elementor-element elementor-element-3af9efd8 elementor-widget elementor-widget-heading\" data-id=\"3af9efd8\" data-element_type=\"widget\" data-e-type=\"widget\" data-widget_type=\"heading.default\">\n\t\t\t\t<div class=\"elementor-widget-container\">\n\t\t\t\t\t<h1 class=\"elementor-heading-title elementor-size-default\">Est\u00f4mago<\/h1>\t\t\t\t<\/div>\n\t\t\t\t<\/div>\n\t\t\t\t\t<\/div>\n\t\t<\/div>\n\t\t\t\t\t<\/div>\n\t\t<\/section>\n\t\t\t\t<section class=\"elementor-section elementor-top-section elementor-element elementor-element-3970322c elementor-section-content-middle elementor-section-stretched elementor-section-boxed elementor-section-height-default elementor-section-height-default\" data-id=\"3970322c\" data-element_type=\"section\" data-e-type=\"section\" data-settings=\"{&quot;stretch_section&quot;:&quot;section-stretched&quot;,&quot;background_background&quot;:&quot;classic&quot;}\">\n\t\t\t\t\t\t\t<div class=\"elementor-background-overlay\"><\/div>\n\t\t\t\t\t\t\t<div class=\"elementor-container elementor-column-gap-default\">\n\t\t\t\t\t<div class=\"elementor-column elementor-col-100 elementor-top-column elementor-element elementor-element-6d748c45\" data-id=\"6d748c45\" data-element_type=\"column\" data-e-type=\"column\">\n\t\t\t<div class=\"elementor-widget-wrap elementor-element-populated\">\n\t\t\t\t\t\t<div class=\"elementor-element elementor-element-82a7d8f elementor-mobile-align-center elementor-widget elementor-widget-button\" data-id=\"82a7d8f\" data-element_type=\"widget\" data-e-type=\"widget\" data-widget_type=\"button.default\">\n\t\t\t\t<div class=\"elementor-widget-container\">\n\t\t\t\t\t\t\t\t\t<div class=\"elementor-button-wrapper\">\n\t\t\t\t\t<a class=\"elementor-button elementor-button-link elementor-size-sm\" href=\"#\">\n\t\t\t\t\t\t<span class=\"elementor-button-content-wrapper\">\n\t\t\t\t\t\t\t\t\t<span class=\"elementor-button-text\">CIRURGIA<\/span>\n\t\t\t\t\t<\/span>\n\t\t\t\t\t<\/a>\n\t\t\t\t<\/div>\n\t\t\t\t\t\t\t\t<\/div>\n\t\t\t\t<\/div>\n\t\t\t\t<div class=\"elementor-element elementor-element-46f4cb18 elementor-widget elementor-widget-heading\" data-id=\"46f4cb18\" data-element_type=\"widget\" data-e-type=\"widget\" data-widget_type=\"heading.default\">\n\t\t\t\t<div class=\"elementor-widget-container\">\n\t\t\t\t\t<h2 class=\"elementor-heading-title elementor-size-default\">Est\u00f4mago<\/h2>\t\t\t\t<\/div>\n\t\t\t\t<\/div>\n\t\t\t\t<div class=\"elementor-element elementor-element-37b3a8d elementor-widget elementor-widget-text-editor\" data-id=\"37b3a8d\" data-element_type=\"widget\" data-e-type=\"widget\" data-widget_type=\"text-editor.default\">\n\t\t\t\t<div class=\"elementor-widget-container\">\n\t\t\t\t\t\t\t\t\t<p class=\"font_8\">A chamada Gastrectomia \u00e9 o procedimento que fazemos para retirar uma parte ou est\u00f4mago inteiro. Sua principal indica\u00e7\u00e3o hoje \u00e9 nos casos de c\u00e2ncer do est\u00f4mago.<\/p><p class=\"font_8\">\u00a0<\/p><p class=\"font_8\">At\u00e9 a d\u00e9cada de 90 fazia-se muita gastrectomia por \u00falcera de est\u00f4mago ou duodeno, por\u00e9m com a evolu\u00e7\u00e3o dos rem\u00e9dios e o desenvolvimento do omeprazol e seus derivados essa indica\u00e7\u00e3o tem ca\u00eddo cada vez mais.<\/p><p class=\"font_8\"><span class=\"wixGuard\">\u200b<\/span><\/p><p class=\"font_8\">O c\u00e2ncer de est\u00f4mago tem diminu\u00eddo sua incid\u00eancia e seu diagn\u00f3stico tem sido bem mais precoce devido ao acesso ao exame de endoscopia digestiva.<\/p><p class=\"font_8\"><span class=\"wixGuard\">\u200b<\/span><\/p><p class=\"font_8\">A cirurgia em si tem baixos \u00edndices de complica\u00e7\u00f5es devido ao fato desse \u00f3rg\u00e3o ser muito vascularizado e assim facilitar a sua cicatriza\u00e7\u00e3o.<\/p><p class=\"font_8\"><span class=\"wixGuard\">\u200b<\/span><\/p><p class=\"font_8\">Perfeitamente fact\u00edvel por v\u00eddeo, e j\u00e1 bem padronizada, a Gastrectomia videolaparoscopica \u00e9 um procedimento no qual fazemos 5 pequenas incis\u00f5es, com dura\u00e7\u00e3o m\u00e9dia de 2 horas e com interna\u00e7\u00e3o m\u00e9dia de 2 dias.<\/p><p class=\"font_8\"><span class=\"wixGuard\">\u200b<\/span><\/p><p class=\"font_8\">Recentemente a R\u00f3botica veio acrescentar muito na qualidade cir\u00fargica facilitando a retirada dos linfonodos (g\u00e2nglios) na cirurgia por c\u00e2ncer, auxiliando, dessa maneira, a avalia\u00e7\u00e3o m\u00e9dica a respeito da evolu\u00e7\u00e3o e das prov\u00e1veis consequ\u00eancias da doen\u00e7a no futuro.<\/p>\t\t\t\t\t\t\t\t<\/div>\n\t\t\t\t<\/div>\n\t\t\t\t\t<\/div>\n\t\t<\/div>\n\t\t\t\t\t<\/div>\n\t\t<\/section>\n\t\t\t\t<section class=\"elementor-section elementor-top-section elementor-element elementor-element-2639f1b6 elementor-section-stretched elementor-section-boxed elementor-section-height-default elementor-section-height-default\" data-id=\"2639f1b6\" data-element_type=\"section\" data-e-type=\"section\" data-settings=\"{&quot;stretch_section&quot;:&quot;section-stretched&quot;,&quot;background_background&quot;:&quot;gradient&quot;}\">\n\t\t\t\t\t\t\t<div class=\"elementor-background-overlay\"><\/div>\n\t\t\t\t\t\t\t<div class=\"elementor-container elementor-column-gap-default\">\n\t\t\t\t\t<div class=\"elementor-column elementor-col-33 elementor-top-column elementor-element elementor-element-716ab208\" data-id=\"716ab208\" data-element_type=\"column\" data-e-type=\"column\">\n\t\t\t<div class=\"elementor-widget-wrap\">\n\t\t\t\t\t\t\t<\/div>\n\t\t<\/div>\n\t\t\t\t<div class=\"elementor-column elementor-col-33 elementor-top-column elementor-element elementor-element-4c3f479f\" data-id=\"4c3f479f\" data-element_type=\"column\" data-e-type=\"column\">\n\t\t\t<div class=\"elementor-widget-wrap elementor-element-populated\">\n\t\t\t\t\t\t<div class=\"elementor-element elementor-element-36ac8ac elementor-widget elementor-widget-heading\" data-id=\"36ac8ac\" data-element_type=\"widget\" data-e-type=\"widget\" data-widget_type=\"heading.default\">\n\t\t\t\t<div class=\"elementor-widget-container\">\n\t\t\t\t\t<h2 class=\"elementor-heading-title elementor-size-default\">Agende sua consulta<\/h2>\t\t\t\t<\/div>\n\t\t\t\t<\/div>\n\t\t\t\t<div class=\"elementor-element elementor-element-f777cd6 elementor-widget elementor-widget-heading\" data-id=\"f777cd6\" data-element_type=\"widget\" data-e-type=\"widget\" data-widget_type=\"heading.default\">\n\t\t\t\t<div class=\"elementor-widget-container\">\n\t\t\t\t\t<p class=\"elementor-heading-title elementor-size-default\">Entre em contato para verificar nossa disponibilidade e solicitar seu agendamento.<\/p>\t\t\t\t<\/div>\n\t\t\t\t<\/div>\n\t\t\t\t<div class=\"elementor-element elementor-element-2f2f6540 elementor-align-center elementor-widget elementor-widget-button\" data-id=\"2f2f6540\" data-element_type=\"widget\" data-e-type=\"widget\" data-widget_type=\"button.default\">\n\t\t\t\t<div class=\"elementor-widget-container\">\n\t\t\t\t\t\t\t\t\t<div class=\"elementor-button-wrapper\">\n\t\t\t\t\t<a class=\"elementor-button elementor-button-link elementor-size-md elementor-animation-shrink\" href=\"https:\/\/api.whatsapp.com\/send?phone=5512997943311&#038;text=Ol%C3%A1%2C%20gostaria%20de%20verificar%20a%20disponibilidade%20e%20agendar%20uma%20consulta%20com%20o%20Dr.%20Gustavo%20Rachid\">\n\t\t\t\t\t\t<span class=\"elementor-button-content-wrapper\">\n\t\t\t\t\t\t\t\t\t<span class=\"elementor-button-text\">FALE CONOSCO<\/span>\n\t\t\t\t\t<\/span>\n\t\t\t\t\t<\/a>\n\t\t\t\t<\/div>\n\t\t\t\t\t\t\t\t<\/div>\n\t\t\t\t<\/div>\n\t\t\t\t\t<\/div>\n\t\t<\/div>\n\t\t\t\t<div class=\"elementor-column elementor-col-33 elementor-top-column elementor-element elementor-element-407ba914\" data-id=\"407ba914\" data-element_type=\"column\" data-e-type=\"column\">\n\t\t\t<div class=\"elementor-widget-wrap\">\n\t\t\t\t\t\t\t<\/div>\n\t\t<\/div>\n\t\t\t\t\t<\/div>\n\t\t<\/section>\n\t\t\t\t<\/div>","protected":false},"excerpt":{"rendered":"<p>Est\u00f4mago CIRURGIA Est\u00f4mago A chamada Gastrectomia \u00e9 o procedimento que fazemos para retirar uma parte ou est\u00f4mago inteiro. Sua principal indica\u00e7\u00e3o hoje \u00e9 nos casos de c\u00e2ncer do est\u00f4mago. \u00a0 At\u00e9 a d\u00e9cada de 90 fazia-se muita gastrectomia por \u00falcera de est\u00f4mago ou duodeno, por\u00e9m com a evolu\u00e7\u00e3o dos rem\u00e9dios e o desenvolvimento do omeprazol [&hellip;]<\/p>\n","protected":false},"author":1,"featured_media":0,"parent":1728,"menu_order":0,"comment_status":"closed","ping_status":"closed","template":"","meta":{"footnotes":""},"class_list":["post-12645","page","type-page","status-publish","hentry"],"_links":{"self":[{"href":"https:\/\/drgustavorachid.com.br\/pt\/wp-json\/wp\/v2\/pages\/12645","targetHints":{"allow":["GET"]}}],"collection":[{"href":"https:\/\/drgustavorachid.com.br\/pt\/wp-json\/wp\/v2\/pages"}],"about":[{"href":"https:\/\/drgustavorachid.com.br\/pt\/wp-json\/wp\/v2\/types\/page"}],"author":[{"embeddable":true,"href":"https:\/\/drgustavorachid.com.br\/pt\/wp-json\/wp\/v2\/users\/1"}],"replies":[{"embeddable":true,"href":"https:\/\/drgustavorachid.com.br\/pt\/wp-json\/wp\/v2\/comments?post=12645"}],"version-history":[{"count":10,"href":"https:\/\/drgustavorachid.com.br\/pt\/wp-json\/wp\/v2\/pages\/12645\/revisions"}],"predecessor-version":[{"id":13200,"href":"https:\/\/drgustavorachid.com.br\/pt\/wp-json\/wp\/v2\/pages\/12645\/revisions\/13200"}],"up":[{"embeddable":true,"href":"https:\/\/drgustavorachid.com.br\/pt\/wp-json\/wp\/v2\/pages\/1728"}],"wp:attachment":[{"href":"https:\/\/drgustavorachid.com.br\/pt\/wp-json\/wp\/v2\/media?parent=12645"}],"curies":[{"name":"wp","href":"https:\/\/api.w.org\/{rel}","templated":true}]}}